{"id":125,"date":"2019-02-10T17:34:38","date_gmt":"2019-02-10T16:34:38","guid":{"rendered":"http:\/\/osteo-4-pattes.com\/?page_id=125"},"modified":"2023-11-02T12:19:09","modified_gmt":"2023-11-02T11:19:09","slug":"oste","status":"publish","type":"page","link":"https:\/\/osteo-4-pattes.com\/en\/oste\/","title":{"rendered":"Animal Osteopathy"},"content":{"rendered":"<p>It is a manual and natural therapy which takes place when the animal shows osteo-articular and muscular dysfunctions.<\/p>\n\n\n\n<p>The osteopath carries out manipulations on the musculoskeletal structure in order to resolve the lesions, by releasing contractures and softening the joints.<\/p>\n\n\n\n<p>Having your animal handled regularly ensures that all its joints are mobile and that no compensation has taken place.<\/p>","protected":false},"excerpt":{"rendered":"<p>Il s&rsquo;agit d\u2019une th\u00e9rapie manuelle et naturelle qui intervient lorsque l\u2019animal pr\u00e9sente des dysfonctions ost\u00e9o-articulaires et musculaires. L\u2019ost\u00e9opathe proc\u00e8de \u00e0 des manipulations sur la structure musculo-squelettique afin d\u2019y r\u00e9soudre les l\u00e9sions, en rel\u00e2chant les contractures et en assouplissant les articulations. Faire r\u00e9guli\u00e8rement manipuler son animal c&rsquo;est \u00eatre sur que toutes ses articulations sont bien mobiles &hellip; <\/p>\n<p class=\"link-more\"><a href=\"https:\/\/osteo-4-pattes.com\/en\/oste\/\" class=\"more-link\">Continue reading<span class=\"screen-reader-text\"> \u00ab\u00a0L&rsquo;osteopathie animale\u00a0\u00bb<\/span><\/a><\/p>","protected":false},"author":1,"featured_media":124,"parent":0,"menu_order":0,"comment_status":"closed","ping_status":"closed","template":"","meta":{"footnotes":""},"_links":{"self":[{"href":"https:\/\/osteo-4-pattes.com\/en\/wp-json\/wp\/v2\/pages\/125"}],"collection":[{"href":"https:\/\/osteo-4-pattes.com\/en\/wp-json\/wp\/v2\/pages"}],"about":[{"href":"https:\/\/osteo-4-pattes.com\/en\/wp-json\/wp\/v2\/types\/page"}],"author":[{"embeddable":true,"href":"https:\/\/osteo-4-pattes.com\/en\/wp-json\/wp\/v2\/users\/1"}],"replies":[{"embeddable":true,"href":"https:\/\/osteo-4-pattes.com\/en\/wp-json\/wp\/v2\/comments?post=125"}],"version-history":[{"count":4,"href":"https:\/\/osteo-4-pattes.com\/en\/wp-json\/wp\/v2\/pages\/125\/revisions"}],"predecessor-version":[{"id":146,"href":"https:\/\/osteo-4-pattes.com\/en\/wp-json\/wp\/v2\/pages\/125\/revisions\/146"}],"wp:featuredmedia":[{"embeddable":true,"href":"https:\/\/osteo-4-pattes.com\/en\/wp-json\/wp\/v2\/media\/124"}],"wp:attachment":[{"href":"https:\/\/osteo-4-pattes.com\/en\/wp-json\/wp\/v2\/media?parent=125"}],"curies":[{"name":"wp","href":"https:\/\/api.w.org\/{rel}","templated":true}]}}