{"id":7,"date":"2019-02-10T14:21:37","date_gmt":"2019-02-10T13:21:37","guid":{"rendered":"http:\/\/osteo-4-pattes.com\/?page_id=7"},"modified":"2023-11-02T12:17:27","modified_gmt":"2023-11-02T11:17:27","slug":"accueil","status":"publish","type":"page","link":"https:\/\/osteo-4-pattes.com\/en\/","title":{"rendered":""},"content":{"rendered":"<p>Since 2006, I have graduated from the European School of Animal Osteopathy (ESAO) and the veterinary assistant training institute (IFSA).<\/p>\n<p>Certified by the Order of Veterinarians (CNOV OA588) and based in Aix en Provence, in the south-east of France, I also work abroad.<\/p>\n<p>I work daily in horse racing and equestrian centers in collaboration with veterinarians and other animal health professionals.<\/p>\n<p>Also practicing on our canine friends, I follow, among others, several agility centers in the south-east of France.<\/p>","protected":false},"excerpt":{"rendered":"<p>Depuis 2006, je suis dipl\u00f4m\u00e9e de l\u2019European School of Animal Osteopathy (ESAO) et de l\u2019institut de formation d\u2019auxiliaire v\u00e9t\u00e9rinaire (IFSA). Certifi\u00e9 par l&rsquo;odre des v\u00e9t\u00e9rinaires (CNOV OA588) et bas\u00e9e \u00e0 Aix en Provence, en r\u00e9gion PACA, j\u2019interviens \u00e9galement \u00e0 l\u2019\u00e9tranger. J\u2019exerce quotidiennement au sein des courses hippiques et des centres equestres en collaboration avec les &hellip; <\/p>\n<p class=\"link-more\"><a href=\"https:\/\/osteo-4-pattes.com\/en\/\" class=\"more-link\">Continue reading<span class=\"screen-reader-text\"> \u00ab\u00a0\u00a0\u00bb<\/span><\/a><\/p>","protected":false},"author":1,"featured_media":0,"parent":0,"menu_order":0,"comment_status":"closed","ping_status":"closed","template":"","meta":{"footnotes":""},"_links":{"self":[{"href":"https:\/\/osteo-4-pattes.com\/en\/wp-json\/wp\/v2\/pages\/7"}],"collection":[{"href":"https:\/\/osteo-4-pattes.com\/en\/wp-json\/wp\/v2\/pages"}],"about":[{"href":"https:\/\/osteo-4-pattes.com\/en\/wp-json\/wp\/v2\/types\/page"}],"author":[{"embeddable":true,"href":"https:\/\/osteo-4-pattes.com\/en\/wp-json\/wp\/v2\/users\/1"}],"replies":[{"embeddable":true,"href":"https:\/\/osteo-4-pattes.com\/en\/wp-json\/wp\/v2\/comments?post=7"}],"version-history":[{"count":7,"href":"https:\/\/osteo-4-pattes.com\/en\/wp-json\/wp\/v2\/pages\/7\/revisions"}],"predecessor-version":[{"id":144,"href":"https:\/\/osteo-4-pattes.com\/en\/wp-json\/wp\/v2\/pages\/7\/revisions\/144"}],"wp:attachment":[{"href":"https:\/\/osteo-4-pattes.com\/en\/wp-json\/wp\/v2\/media?parent=7"}],"curies":[{"name":"wp","href":"https:\/\/api.w.org\/{rel}","templated":true}]}}