{"id":89,"date":"2019-02-10T16:38:57","date_gmt":"2019-02-10T15:38:57","guid":{"rendered":"http:\/\/osteo-4-pattes.com\/?page_id=89"},"modified":"2019-02-10T17:45:14","modified_gmt":"2019-02-10T16:45:14","slug":"le-suivi-sportif-du-cheval","status":"publish","type":"page","link":"https:\/\/osteo-4-pattes.com\/en\/le-suivi-sportif-du-cheval\/","title":{"rendered":"Sports monityoring &amp; Algotherapy"},"content":{"rendered":"<p>Today a horse that is not at its maximum capacity cannot obtain good results, competition is omnipresent. <\/p>\n\n\n\n<p>The list of medications is restricted in horse racing as in international competitions. Osteopathy will offer alternative care using physiotherapy, physiotherapy and algotherapy techniques to enable the equine athlete to improve their performance and recover more quickly between short sporting events.<\/p>\n\n\n\n<p><strong>Self-heating mud: <\/strong><\/p>\n\n\n\n<p>Application before exercise: helps preparing muscle masses before sporting effort. Helps relaxing tense muscle areas.<\/p>\n\n\n\n<p>Application after exercise: helps eliminating muscle toxins after competition.<\/p>\n\n\n\n<p><strong>Marine clay:<\/strong><\/p>\n\n\n\n<p>Used for tendon and ligament pathologies<\/p>\n\n\n\n<p><\/p>\n\n\n\n<p><em>Pricing based on the number of horses and days. Upon request.<\/em><\/p>","protected":false},"excerpt":{"rendered":"<p>Aujourd\u2019hui un cheval qui n\u2019est pas au maximum de sa capacit\u00e9 ne peut obtenir de bons r\u00e9sultats, la concurrence est omnipr\u00e9sente. La liste de m\u00e9dicaments se restreint dans les courses hippiques comme dans les comp\u00e9titions internationales. L&rsquo;ost\u00e9opathie va proposer des soins alternatifs en utilisant des techniques de physioth\u00e9rapie, kin\u00e9sith\u00e9rapie et d\u2019algoth\u00e9rapie pour permettre \u00e0 l\u2019 &hellip; <\/p>\n<p class=\"link-more\"><a href=\"https:\/\/osteo-4-pattes.com\/en\/le-suivi-sportif-du-cheval\/\" class=\"more-link\">Continue reading<span class=\"screen-reader-text\"> \u00ab\u00a0Suivi sportif &#038; algoth\u00e9rapie\u00a0\u00bb<\/span><\/a><\/p>","protected":false},"author":1,"featured_media":135,"parent":0,"menu_order":0,"comment_status":"closed","ping_status":"closed","template":"","meta":{"footnotes":""},"_links":{"self":[{"href":"https:\/\/osteo-4-pattes.com\/en\/wp-json\/wp\/v2\/pages\/89"}],"collection":[{"href":"https:\/\/osteo-4-pattes.com\/en\/wp-json\/wp\/v2\/pages"}],"about":[{"href":"https:\/\/osteo-4-pattes.com\/en\/wp-json\/wp\/v2\/types\/page"}],"author":[{"embeddable":true,"href":"https:\/\/osteo-4-pattes.com\/en\/wp-json\/wp\/v2\/users\/1"}],"replies":[{"embeddable":true,"href":"https:\/\/osteo-4-pattes.com\/en\/wp-json\/wp\/v2\/comments?post=89"}],"version-history":[{"count":4,"href":"https:\/\/osteo-4-pattes.com\/en\/wp-json\/wp\/v2\/pages\/89\/revisions"}],"predecessor-version":[{"id":136,"href":"https:\/\/osteo-4-pattes.com\/en\/wp-json\/wp\/v2\/pages\/89\/revisions\/136"}],"wp:featuredmedia":[{"embeddable":true,"href":"https:\/\/osteo-4-pattes.com\/en\/wp-json\/wp\/v2\/media\/135"}],"wp:attachment":[{"href":"https:\/\/osteo-4-pattes.com\/en\/wp-json\/wp\/v2\/media?parent=89"}],"curies":[{"name":"wp","href":"https:\/\/api.w.org\/{rel}","templated":true}]}}